{"id":2,"date":"2019-01-29T18:34:25","date_gmt":"2019-01-29T18:34:25","guid":{"rendered":"http:\/\/stodinheilsuraekt.is\/\/?page_id=2"},"modified":"2026-01-23T09:41:50","modified_gmt":"2026-01-23T09:41:50","slug":"sample-page","status":"publish","type":"page","link":"https:\/\/stodinheilsuraekt.is\/en\/","title":{"rendered":"Fors\u00ed\u00f0a"},"content":{"rendered":"<p>[et_pb_section fb_built=&#8221;1&#8243; admin_label=&#8221;Header&#8221; _builder_version=&#8221;4.16&#8243; _module_preset=&#8221;default&#8221; background_enable_color=&#8221;off&#8221; background_enable_image=&#8221;off&#8221; background_size=&#8221;contain&#8221; global_colors_info=&#8221;{}&#8221;][et_pb_row column_structure=&#8221;1_2,1_2&#8243; _builder_version=&#8221;4.19.5&#8243; _module_preset=&#8221;default&#8221; global_colors_info=&#8221;{}&#8221;][et_pb_column type=&#8221;1_2&#8243; _builder_version=&#8221;4.16&#8243; _module_preset=&#8221;default&#8221; custom_padding_tablet=&#8221;||||false|false&#8221; custom_padding_phone=&#8221;||||false|false&#8221; custom_padding_last_edited=&#8221;off|phone&#8221; global_colors_info=&#8221;{}&#8221;][et_pb_image src=&#8221;https:\/\/stodinheilsuraekt.is\/wp-content\/uploads\/2020\/10\/Stodin_heilsuraekt.png&#8221; title_text=&#8221;Stodin_heilsuraekt&#8221; align_tablet=&#8221;&#8221; align_phone=&#8221;right&#8221; align_last_edited=&#8221;on|desktop&#8221; disabled_on=&#8221;on|off|off&#8221; _builder_version=&#8221;4.16&#8243; _module_preset=&#8221;default&#8221; width=&#8221;75%&#8221; custom_margin=&#8221;50px|0px||-100px|false|false&#8221; custom_margin_tablet=&#8221;&#8221; custom_margin_phone=&#8221;|||0px|false|false&#8221; custom_margin_last_edited=&#8221;on|desktop&#8221; custom_padding=&#8221;|0px|||false|false&#8221; global_colors_info=&#8221;{}&#8221;][\/et_pb_image][\/et_pb_column][et_pb_column type=&#8221;1_2&#8243; _builder_version=&#8221;4.16&#8243; _module_preset=&#8221;default&#8221; vertical_offset=&#8221;30px&#8221; position_origin_a_last_edited=&#8221;off|desktop&#8221; position_origin_f_last_edited=&#8221;off|desktop&#8221; position_origin_r_last_edited=&#8221;off|desktop&#8221; custom_padding_phone=&#8221;|||50%|false|false&#8221; custom_padding_last_edited=&#8221;off|desktop&#8221; positioning_phone=&#8221;absolute&#8221; positioning_last_edited=&#8221;off|desktop&#8221; global_colors_info=&#8221;{}&#8221;][et_pb_text _builder_version=&#8221;4.19.5&#8243; _module_preset=&#8221;default&#8221; header_font=&#8221;Archivo|600||on|||||&#8221; header_text_color=&#8221;#000000&#8243; header_font_size=&#8221;115px&#8221; header_line_height=&#8221;1.1em&#8221; background_enable_color=&#8221;off&#8221; text_orientation=&#8221;right&#8221; custom_margin=&#8221;||0px|-250px|false|false&#8221; custom_margin_tablet=&#8221;-19%|||0px|false|false&#8221; custom_margin_phone=&#8221;-15%||||false|false&#8221; custom_margin_last_edited=&#8221;on|phone&#8221; header_font_size_tablet=&#8221;12vw&#8221; header_font_size_phone=&#8221;10vw&#8221; header_font_size_last_edited=&#8221;on|phone&#8221; text_orientation_tablet=&#8221;left&#8221; text_orientation_phone=&#8221;left&#8221; text_orientation_last_edited=&#8221;on|phone&#8221; global_colors_info=&#8221;{}&#8221;]<\/p>\n<h1>Settu heilsuna \u00ed fyrsta s\u00e6ti<\/h1>\n<p>[\/et_pb_text][\/et_pb_column][\/et_pb_row][et_pb_row _builder_version=&#8221;4.16.1&#8243; _module_preset=&#8221;default&#8221; global_colors_info=&#8221;{}&#8221;][et_pb_column type=&#8221;4_4&#8243; _builder_version=&#8221;4.16.1&#8243; _module_preset=&#8221;default&#8221; global_colors_info=&#8221;{}&#8221;][et_pb_text _builder_version=&#8221;4.27.0&#8243; _module_preset=&#8221;df96b77a-cd4f-44a8-a771-2d6347592b53&#8243; header_2_font=&#8221;Archivo|700||on|||||&#8221; header_2_text_align=&#8221;center&#8221; header_2_text_color=&#8221;#0C71C3&#8243; header_2_font_size=&#8221;55px&#8221; header_2_line_height=&#8221;1.35em&#8221; custom_margin=&#8221;||8px||false|false&#8221; header_2_font_size_tablet=&#8221;32px&#8221; header_2_font_size_phone=&#8221;18px&#8221; header_2_font_size_last_edited=&#8221;on|desktop&#8221; dvmd_hsp_mode=&#8221;show&#8221; dvmd_hsp_preset=&#8221;#671&#8243; global_colors_info=&#8221;{}&#8221;]<\/p>\n<h2>VIRKA DAGA ER OPI\u00d0 05:45-20:00<br \/>UM HELGAR ER OPI\u00d0 08:00-18:00<\/h2>\n<p>&nbsp;<\/p>\n<p>[\/et_pb_text][\/et_pb_column][\/et_pb_row][\/et_pb_section][et_pb_section fb_built=&#8221;1&#8243; _builder_version=&#8221;4.17.4&#8243; _module_preset=&#8221;default&#8221; global_colors_info=&#8221;{}&#8221;][et_pb_row _builder_version=&#8221;4.27.0&#8243; _module_preset=&#8221;default&#8221; global_colors_info=&#8221;{}&#8221;][et_pb_column type=&#8221;4_4&#8243; _builder_version=&#8221;4.27.0&#8243; _module_preset=&#8221;default&#8221; global_colors_info=&#8221;{}&#8221;][et_pb_image src=&#8221;https:\/\/stodinheilsuraekt.is\/wp-content\/uploads\/2026\/01\/Tafla26-1.png&#8221; title_text=&#8221;Tafla26 (1)&#8221; _builder_version=&#8221;4.27.0&#8243; _module_preset=&#8221;default&#8221; hover_enabled=&#8221;0&#8243; global_colors_info=&#8221;{}&#8221; sticky_enabled=&#8221;0&#8243;][\/et_pb_image][\/et_pb_column][\/et_pb_row][\/et_pb_section][et_pb_section fb_built=&#8221;1&#8243; admin_label=&#8221;Case Studies&#8221; _builder_version=&#8221;4.16&#8243; _module_preset=&#8221;default&#8221; background_color=&#8221;#000000&#8243; background_color_gradient_start=&#8221;rgba(37,0,48,0.9)&#8221; background_color_gradient_end=&#8221;rgba(0,0,0,0.91)&#8221; background_enable_image=&#8221;off&#8221; custom_padding=&#8221;8vw||8vw||true|false&#8221; global_colors_info=&#8221;{}&#8221;][et_pb_row column_structure=&#8221;1_3,1_3,1_3&#8243; _builder_version=&#8221;4.16&#8243; _module_preset=&#8221;default&#8221; background_enable_image=&#8221;off&#8221; background_size=&#8221;contain&#8221; background_position=&#8221;bottom_center&#8221; background_last_edited=&#8221;off|desktop&#8221; background_position_tablet=&#8221;bottom_center&#8221; global_colors_info=&#8221;{}&#8221;][et_pb_column type=&#8221;1_3&#8243; _builder_version=&#8221;4.16&#8243; _module_preset=&#8221;default&#8221; global_colors_info=&#8221;{}&#8221;][et_pb_text _builder_version=&#8221;4.16&#8243; _module_preset=&#8221;df96b77a-cd4f-44a8-a771-2d6347592b53&#8243; header_2_font=&#8221;Archivo|600|||||||&#8221; header_2_text_color=&#8221;#FFFFFF&#8221; header_2_font_size=&#8221;60px&#8221; header_2_line_height=&#8221;1.35em&#8221; custom_margin=&#8221;||8px||false|false&#8221; header_2_font_size_tablet=&#8221;32px&#8221; header_2_font_size_phone=&#8221;30px&#8221; header_2_font_size_last_edited=&#8221;on|desktop&#8221; global_colors_info=&#8221;{}&#8221;]<\/p>\n<h2>Welcome to St\u00f6\u00f0in<\/h2>\n<p>[\/et_pb_text][et_pb_text _builder_version=&#8221;4.16&#8243; _module_preset=&#8221;41d5859c-fbaa-458a-88e4-5d886857f235&#8243; text_font=&#8221;Archivo|500|||||||&#8221; text_text_color=&#8221;#FFFFFF&#8221; text_font_size=&#8221;18px&#8221; text_line_height=&#8221;1.6em&#8221; text_font_size_tablet=&#8221;16px&#8221; text_font_size_phone=&#8221;18px&#8221; text_font_size_last_edited=&#8221;on|phone&#8221; global_colors_info=&#8221;{}&#8221;]<\/p>\n<p>K\u00edktu til okkar \u00ed t\u00e6kjasal e\u00f0a skipulag\u00f0a t\u00edma.<\/p>\n<p>[\/et_pb_text][\/et_pb_column][et_pb_column type=&#8221;1_3&#8243; _builder_version=&#8221;4.16&#8243; _module_preset=&#8221;default&#8221; background_color=&#8221;#544fff&#8221; custom_padding=&#8221;20px|20px|20px|20px|true|true&#8221; global_colors_info=&#8221;{}&#8221;][et_pb_image src=&#8221;https:\/\/stodinheilsuraekt.is\/wp-content\/uploads\/2021\/01\/A9_8904.jpg&#8221; title_text=&#8221;_A9_8904&#8243; align=&#8221;center&#8221; _builder_version=&#8221;4.16&#8243; _module_preset=&#8221;default&#8221; custom_margin=&#8221;-20px|-20px||-20px|false|true&#8221; global_colors_info=&#8221;{}&#8221; src__hover_enabled=&#8221;on|hover&#8221; src__hover=&#8221;https:\/\/stodinheilsuraekt.is\/wp-content\/uploads\/2021\/01\/A9_8904.jpg&#8221;][\/et_pb_image][\/et_pb_column][et_pb_column type=&#8221;1_3&#8243; _builder_version=&#8221;4.16&#8243; _module_preset=&#8221;default&#8221; background_color=&#8221;#FFFFFF&#8221; custom_padding=&#8221;20px|20px|20px|20px|true|true&#8221; global_colors_info=&#8221;{}&#8221;][et_pb_image src=&#8221;https:\/\/stodinheilsuraekt.is\/wp-content\/uploads\/2021\/01\/A9_8864.jpg&#8221; title_text=&#8221;_A9_8864&#8243; align=&#8221;center&#8221; _builder_version=&#8221;4.16&#8243; _module_preset=&#8221;default&#8221; custom_margin=&#8221;-20px|-20px||-20px|false|true&#8221; global_colors_info=&#8221;{}&#8221;][\/et_pb_image][\/et_pb_column][\/et_pb_row][\/et_pb_section][et_pb_section fb_built=&#8221;1&#8243; admin_label=&#8221;Feature&#8221; _builder_version=&#8221;4.16&#8243; _module_preset=&#8221;default&#8221; background_color=&#8221;#f6f2ea&#8221; custom_padding=&#8221;||5vw||false|false&#8221; global_colors_info=&#8221;{}&#8221;][\/et_pb_section][et_pb_section fb_built=&#8221;1&#8243; admin_label=&#8221;Features&#8221; _builder_version=&#8221;4.16&#8243; _module_preset=&#8221;default&#8221; background_color=&#8221;#f1f1f1&#8243; overflow-x=&#8221;hidden&#8221; overflow-y=&#8221;hidden&#8221; locked=&#8221;off&#8221; global_colors_info=&#8221;{}&#8221;][et_pb_row column_structure=&#8221;2_3,1_3&#8243; custom_padding_last_edited=&#8221;on|tablet&#8221; _builder_version=&#8221;4.16&#8243; _module_preset=&#8221;default&#8221; background_color=&#8221;#000000&#8243; custom_padding=&#8221;60px|60px|0px|60px|false|true&#8221; custom_padding_tablet=&#8221;40px|30px||30px|false|true&#8221; custom_padding_phone=&#8221;|20px||20px|false|true&#8221; border_radii=&#8221;off|20px|20px||&#8221; global_colors_info=&#8221;{}&#8221;][et_pb_column type=&#8221;2_3&#8243; _builder_version=&#8221;4.16&#8243; _module_preset=&#8221;default&#8221; global_colors_info=&#8221;{}&#8221;][et_pb_text _builder_version=&#8221;4.16&#8243; _module_preset=&#8221;default&#8221; header_2_font=&#8221;Archivo|800|||||||&#8221; header_2_font_size=&#8221;60px&#8221; header_2_line_height=&#8221;1.4em&#8221; background_enable_color=&#8221;off&#8221; background_layout=&#8221;dark&#8221; header_2_font_size_tablet=&#8221;40px&#8221; header_2_font_size_phone=&#8221;25px&#8221; header_2_font_size_last_edited=&#8221;on|phone&#8221; locked=&#8221;off&#8221; global_colors_info=&#8221;{}&#8221;]<\/p>\n<h2>ST\u00d6\u00d0IN - GYMS AND AREAS<\/h2>\n<p>[\/et_pb_text][\/et_pb_column][et_pb_column type=&#8221;1_3&#8243; _builder_version=&#8221;4.16&#8243; _module_preset=&#8221;default&#8221; global_colors_info=&#8221;{}&#8221;][et_pb_button button_url=&#8221;@ET-DC@eyJkeW5hbWljIjp0cnVlLCJjb250ZW50IjoicG9zdF9saW5rX3VybF9wYWdlIiwic2V0dGluZ3MiOnsicG9zdF9pZCI6Ijc4In19@&#8221; button_text=&#8221;Um okkur&#8221; button_alignment=&#8221;right&#8221; button_alignment_tablet=&#8221;right&#8221; button_alignment_phone=&#8221;center&#8221; button_alignment_last_edited=&#8221;on|phone&#8221; _builder_version=&#8221;4.16&#8243; _dynamic_attributes=&#8221;button_url&#8221; _module_preset=&#8221;996955e7-3529-4a3f-83e8-6d867364a749&#8243; custom_button=&#8221;on&#8221; button_text_size=&#8221;16px&#8221; button_text_color=&#8221;#FFFFFF&#8221; button_bg_color=&#8221;RGBA(255,255,255,0)&#8221; button_border_width=&#8221;4px&#8221; button_border_color=&#8221;#FFFFFF&#8221; button_border_radius=&#8221;10px&#8221; button_font=&#8221;Archivo|800||on|||||&#8221; custom_padding=&#8221;15px|35px|15px|25px|true|false&#8221; box_shadow_style=&#8221;preset4&#8243; box_shadow_horizontal=&#8221;6px&#8221; box_shadow_vertical=&#8221;6px&#8221; box_shadow_color=&#8221;#FFFFFF&#8221; global_colors_info=&#8221;{}&#8221; custom_padding__hover_enabled=&#8221;off|desktop&#8221;][\/et_pb_button][\/et_pb_column][\/et_pb_row][et_pb_row column_structure=&#8221;1_2,1_2&#8243; custom_padding_last_edited=&#8221;on|phone&#8221; _builder_version=&#8221;4.16&#8243; _module_preset=&#8221;default&#8221; background_color=&#8221;#000000&#8243; z_index=&#8221;10&#8243; custom_padding=&#8221;|60px|60px|60px|false|true&#8221; custom_padding_tablet=&#8221;|30px|40px|30px|false|true&#8221; custom_padding_phone=&#8221;|20px||20px|false|true&#8221; border_radii=&#8221;off|||20px|20px&#8221; global_colors_info=&#8221;{}&#8221;][et_pb_column type=&#8221;1_2&#8243; _builder_version=&#8221;4.16&#8243; _module_preset=&#8221;default&#8221; global_colors_info=&#8221;{}&#8221;][et_pb_blurb title=&#8221;VINNSLUSALURINN&#8221; image=&#8221;https:\/\/stodinheilsuraekt.is\/wp-content\/uploads\/2020\/10\/co-wroking-icon-8-light.png&#8221; image_icon_width=&#8221;48px&#8221; icon_alignment=&#8221;left&#8221; content_max_width=&#8221;100%&#8221; _builder_version=&#8221;4.16&#8243; _module_preset=&#8221;default&#8221; header_font=&#8221;Archivo|700|||||||&#8221; header_line_height=&#8221;1.2em&#8221; body_font=&#8221;Archivo||||||||&#8221; body_text_color=&#8221;rgba(255,255,255,0.6)&#8221; body_font_size=&#8221;16px&#8221; body_line_height=&#8221;1.8em&#8221; background_layout=&#8221;dark&#8221; animation=&#8221;off&#8221; body_font_size_tablet=&#8221;14px&#8221; body_font_size_phone=&#8221;&#8221; body_font_size_last_edited=&#8221;on|phone&#8221; image_max_width=&#8221;48px&#8221; locked=&#8221;off&#8221; global_colors_info=&#8221;{}&#8221;]<\/p>\n<p>\u00cd vinnslusalnum fara fram h\u00f3pat\u00edmar. WOD, Styrkur, OLY, Buttlift og fleiri. \u00deegar Vinnslusalurinn er ekki \u00ed notkun af h\u00f3p e\u00f0a n\u00e1mskei\u00f0i er i\u00f0kendum frj\u00e1lst a\u00f0 nota hann og allan b\u00fana\u00f0 \u00fear \u00ed eigin \u00e6fingar. \u00cd \u00feessum sal var vinnsla mj\u00f3lkurst\u00f6\u00f0varinnar og salurinn fullur af v\u00e9lum, t\u00f6nkum og \u00fdmsum t\u00e6kjum.<\/p>\n<p>[\/et_pb_blurb][et_pb_blurb title=&#8221;PR\u00cdMUS &#8221; image=&#8221;https:\/\/stodinheilsuraekt.is\/wp-content\/uploads\/2020\/10\/co-wroking-icon-8-light.png&#8221; image_icon_width=&#8221;48px&#8221; icon_alignment=&#8221;left&#8221; content_max_width=&#8221;100%&#8221; _builder_version=&#8221;4.16&#8243; _module_preset=&#8221;default&#8221; header_font=&#8221;Archivo|700|||||||&#8221; header_line_height=&#8221;1.2em&#8221; body_font=&#8221;Archivo||||||||&#8221; body_text_color=&#8221;rgba(255,255,255,0.6)&#8221; body_font_size=&#8221;16px&#8221; body_line_height=&#8221;1.8em&#8221; background_layout=&#8221;dark&#8221; animation=&#8221;off&#8221; body_font_size_tablet=&#8221;14px&#8221; body_font_size_phone=&#8221;&#8221; body_font_size_last_edited=&#8221;on|phone&#8221; image_max_width=&#8221;48px&#8221; locked=&#8221;off&#8221; global_colors_info=&#8221;{}&#8221;]<\/p>\n<p>Pr\u00edmus er minni h\u00f3pat\u00edmasalur \u00fear sem f\u00e1mennari t\u00edmar, spinning og n\u00e1mskei\u00f0 eru kennd. Pr\u00edmusinn er opinn i\u00f0kendum \u00feegar hann er ekki loka\u00f0ur vegna t\u00edma e\u00f0a n\u00e1mskei\u00f0s. \u00cd \u00feessum sal var einn af fyrstu pr\u00f3teindrykkjum \u00cdslendinga, Pr\u00edmus blanda\u00f0ur af Mj\u00f3lkursamlagi \u00cdsfir\u00f0inga og \u00fea\u00f0an f\u00e6r salurinn nafn sitt.<\/p>\n<p>&nbsp;<\/p>\n<p>[\/et_pb_blurb][\/et_pb_column][et_pb_column type=&#8221;1_2&#8243; _builder_version=&#8221;4.16&#8243; _module_preset=&#8221;default&#8221; global_colors_info=&#8221;{}&#8221;][et_pb_blurb title=&#8221;K\u00c6LIRINN&#8221; image=&#8221;https:\/\/stodinheilsuraekt.is\/wp-content\/uploads\/2020\/10\/co-wroking-icon-5-light.png&#8221; image_icon_width=&#8221;48px&#8221; icon_alignment=&#8221;left&#8221; content_max_width=&#8221;100%&#8221; _builder_version=&#8221;4.16&#8243; _module_preset=&#8221;default&#8221; header_font=&#8221;Archivo|700|||||||&#8221; header_line_height=&#8221;1.2em&#8221; body_font=&#8221;Archivo||||||||&#8221; body_text_color=&#8221;rgba(255,255,255,0.6)&#8221; body_font_size=&#8221;16px&#8221; body_line_height=&#8221;1.8em&#8221; background_layout=&#8221;dark&#8221; animation=&#8221;off&#8221; body_font_size_tablet=&#8221;14px&#8221; body_font_size_phone=&#8221;&#8221; body_font_size_last_edited=&#8221;on|phone&#8221; image_max_width=&#8221;48px&#8221; locked=&#8221;off&#8221; global_colors_info=&#8221;{}&#8221;]<\/p>\n<p>\u00ed k\u00e6linum m\u00e1 finna handl\u00f3\u00f0, bekki og \u00fdmis lyftingat\u00e6ki \u00e1samt teygjusv\u00e6\u00f0inu.\u00a0<\/p>\n<p>[\/et_pb_blurb][et_pb_blurb title=&#8221;B\u00cdLASALURINN&#8221; image=&#8221;https:\/\/stodinheilsuraekt.is\/wp-content\/uploads\/2020\/10\/co-wroking-icon-5-light.png&#8221; image_icon_width=&#8221;48px&#8221; icon_alignment=&#8221;left&#8221; content_max_width=&#8221;100%&#8221; _builder_version=&#8221;4.16&#8243; _module_preset=&#8221;default&#8221; header_font=&#8221;Archivo|700|||||||&#8221; header_line_height=&#8221;1.2em&#8221; body_font=&#8221;Archivo||||||||&#8221; body_text_color=&#8221;rgba(255,255,255,0.6)&#8221; body_font_size=&#8221;16px&#8221; body_line_height=&#8221;1.8em&#8221; background_layout=&#8221;dark&#8221; animation=&#8221;off&#8221; body_font_size_tablet=&#8221;14px&#8221; body_font_size_phone=&#8221;&#8221; body_font_size_last_edited=&#8221;on|phone&#8221; image_max_width=&#8221;48px&#8221; locked=&#8221;off&#8221; global_colors_info=&#8221;{}&#8221;]<\/p>\n<p>T\u00e6kjasalur St\u00f6\u00f0varinnar er gamli b\u00edlasalur mj\u00f3lkurst\u00f6\u00f0varinnar og \u00fear eru n\u00fana \u00fdmis t\u00e6ki, hlaupabretti, sk\u00ed\u00f0av\u00e9lar, hj\u00f3l og lyftingat\u00e6ki af \u00fdmsu tagi. Salurinn er bjartur og r\u00famg\u00f3\u00f0ur.<\/p>\n<p>[\/et_pb_blurb][\/et_pb_column][\/et_pb_row][\/et_pb_section][et_pb_section fb_built=&#8221;1&#8243; admin_label=&#8221;Call To Action&#8221; _builder_version=&#8221;4.16&#8243; _module_preset=&#8221;default&#8221; background_color=&#8221;#0c71c3&#8243; background_enable_image=&#8221;off&#8221; locked=&#8221;off&#8221; global_colors_info=&#8221;{}&#8221;][et_pb_row _builder_version=&#8221;4.16&#8243; _module_preset=&#8221;default&#8221; global_colors_info=&#8221;{}&#8221;][et_pb_column type=&#8221;4_4&#8243; _builder_version=&#8221;4.16&#8243; _module_preset=&#8221;default&#8221; global_colors_info=&#8221;{}&#8221;][et_pb_text _builder_version=&#8221;4.16&#8243; _module_preset=&#8221;default&#8221; header_3_font=&#8221;Archivo|700||on|||||&#8221; header_3_font_size=&#8221;100px&#8221; header_3_letter_spacing=&#8221;0.1em&#8221; header_3_line_height=&#8221;1.2em&#8221; text_orientation=&#8221;center&#8221; background_layout=&#8221;dark&#8221; custom_margin=&#8221;||-45px||false|false&#8221; custom_margin_tablet=&#8221;||-45px||false|false&#8221; custom_margin_phone=&#8221;||-45px||false|false&#8221; custom_margin_last_edited=&#8221;on|phone&#8221; header_3_font_size_tablet=&#8221;50px&#8221; header_3_font_size_phone=&#8221;30px&#8221; header_3_font_size_last_edited=&#8221;on|phone&#8221; locked=&#8221;off&#8221; global_colors_info=&#8221;{}&#8221;]<\/p>\n<h3>ST\u00d6\u00d0IN<\/h3>\n<p>[\/et_pb_text][\/et_pb_column][\/et_pb_row][et_pb_row custom_padding_last_edited=&#8221;on|phone&#8221; _builder_version=&#8221;4.16&#8243; _module_preset=&#8221;default&#8221; custom_padding=&#8221;7px||||false|false&#8221; custom_padding_tablet=&#8221;0px||||false|false&#8221; custom_padding_phone=&#8221;&#8221; global_colors_info=&#8221;{}&#8221;][et_pb_column type=&#8221;4_4&#8243; _builder_version=&#8221;4.16&#8243; _module_preset=&#8221;default&#8221; global_colors_info=&#8221;{}&#8221;][et_pb_button button_url=&#8221;@ET-DC@eyJkeW5hbWljIjp0cnVlLCJjb250ZW50IjoicG9zdF9saW5rX3VybF9wYWdlIiwic2V0dGluZ3MiOnsicG9zdF9pZCI6IjkzIn19@&#8221; button_text=&#8221;Ver\u00f0skr\u00e1&#8221; button_alignment=&#8221;center&#8221; button_text_last_edited=&#8221;off|desktop&#8221; _builder_version=&#8221;4.16&#8243; _dynamic_attributes=&#8221;button_url&#8221; _module_preset=&#8221;94ef7aca-dcd9-4f9d-93b2-efa3466cebc7&#8243; custom_button=&#8221;on&#8221; button_text_size=&#8221;16px&#8221; button_text_color=&#8221;#000000&#8243; button_bg_color=&#8221;#FFFFFF&#8221; button_border_width=&#8221;4px&#8221; button_border_color=&#8221;#000000&#8243; button_border_radius=&#8221;15px&#8221; button_letter_spacing=&#8221;1px&#8221; button_font=&#8221;Archivo|700||on|||||&#8221; button_icon=&#8221;&#x35;||divi||400&#8243; custom_margin=&#8221;24px||||false|false&#8221; custom_padding=&#8221;15px|35px|15px|35px|true|true&#8221; box_shadow_style=&#8221;preset4&#8243; box_shadow_horizontal=&#8221;6px&#8221; box_shadow_vertical=&#8221;6px&#8221; box_shadow_color=&#8221;#000000&#8243; global_colors_info=&#8221;{}&#8221;][\/et_pb_button][et_pb_button button_url=&#8221;@ET-DC@eyJkeW5hbWljIjp0cnVlLCJjb250ZW50IjoicG9zdF9saW5rX3VybF9wYWdlIiwic2V0dGluZ3MiOnsicG9zdF9pZCI6IjE3MSJ9fQ==@&#8221; button_text=&#8221;T\u00edmarnir&#8221; button_alignment=&#8221;center&#8221; _builder_version=&#8221;4.16&#8243; _dynamic_attributes=&#8221;button_url&#8221; _module_preset=&#8221;996955e7-3529-4a3f-83e8-6d867364a749&#8243; custom_button=&#8221;on&#8221; button_text_size=&#8221;16px&#8221; button_text_color=&#8221;#FFFFFF&#8221; button_bg_color=&#8221;RGBA(255,255,255,0)&#8221; button_border_width=&#8221;4px&#8221; button_border_color=&#8221;#FFFFFF&#8221; button_border_radius=&#8221;10px&#8221; button_font=&#8221;Archivo|800||on|||||&#8221; custom_padding=&#8221;15px|35px|15px|25px|true|false&#8221; box_shadow_style=&#8221;preset4&#8243; box_shadow_horizontal=&#8221;6px&#8221; box_shadow_vertical=&#8221;6px&#8221; box_shadow_color=&#8221;#FFFFFF&#8221; global_colors_info=&#8221;{}&#8221; custom_padding__hover_enabled=&#8221;off|desktop&#8221;][\/et_pb_button][\/et_pb_column][\/et_pb_row][\/et_pb_section][et_pb_section fb_built=&#8221;1&#8243; admin_label=&#8221;Blog&#8221; _builder_version=&#8221;4.16&#8243; _module_preset=&#8221;default&#8221; background_color=&#8221;#f6f2ea&#8221; custom_padding=&#8221;||4px|||&#8221; global_colors_info=&#8221;{}&#8221;][et_pb_row _builder_version=&#8221;4.16&#8243; _module_preset=&#8221;default&#8221; global_colors_info=&#8221;{}&#8221;][et_pb_column type=&#8221;4_4&#8243; _builder_version=&#8221;4.16&#8243; _module_preset=&#8221;default&#8221; global_colors_info=&#8221;{}&#8221;][et_pb_text _builder_version=&#8221;4.16&#8243; _module_preset=&#8221;df96b77a-cd4f-44a8-a771-2d6347592b53&#8243; header_2_font=&#8221;Archivo|600|||||||&#8221; header_2_text_align=&#8221;center&#8221; header_2_text_color=&#8221;#010101&#8243; header_2_font_size=&#8221;50px&#8221; header_2_line_height=&#8221;1.35em&#8221; max_width=&#8221;700px&#8221; module_alignment=&#8221;center&#8221; custom_margin=&#8221;||8px||false|false&#8221; header_2_font_size_tablet=&#8221;32px&#8221; header_2_font_size_phone=&#8221;20px&#8221; header_2_font_size_last_edited=&#8221;on|desktop&#8221; global_colors_info=&#8221;{}&#8221;]<\/p>\n<h2>N\u00fdjustu fr\u00e9ttir og uppl\u00fdsingar<\/h2>\n<p>[\/et_pb_text][et_pb_blog fullwidth=&#8221;off&#8221; posts_number=&#8221;3&#8243; show_more=&#8221;on&#8221; show_author=&#8221;off&#8221; show_date=&#8221;off&#8221; show_categories=&#8221;off&#8221; show_pagination=&#8221;off&#8221; masonry_tile_background_color=&#8221;RGBA(255,255,255,0)&#8221; _builder_version=&#8221;4.16&#8243; _module_preset=&#8221;default&#8221; header_font=&#8221;Archivo|700|||||||&#8221; header_text_color=&#8221;#222222&#8243; header_font_size=&#8221;16px&#8221; header_line_height=&#8221;1.3em&#8221; body_font=&#8221;Archivo||||||||&#8221; body_text_color=&#8221;#000000&#8243; body_font_size=&#8221;15px&#8221; body_line_height=&#8221;1.5em&#8221; meta_font=&#8221;Archivo||||||||&#8221; meta_text_color=&#8221;#544fff&#8221; read_more_font=&#8221;|600||on|on||||&#8221; read_more_text_color=&#8221;#544FFF&#8221; read_more_font_size=&#8221;13px&#8221; header_font_size_tablet=&#8221;18px&#8221; header_font_size_phone=&#8221;16px&#8221; header_font_size_last_edited=&#8221;off|desktop&#8221; custom_css_read_more=&#8221;margin-top: 10px !important;||display: block;&#8221; border_width_all=&#8221;2px&#8221; border_color_all=&#8221;#000000&#8243; global_colors_info=&#8221;{}&#8221;][\/et_pb_blog][\/et_pb_column][\/et_pb_row][\/et_pb_section]<\/p>","protected":false},"excerpt":{"rendered":"<p>Settu heilsuna \u00ed fyrsta s\u00e6tiVIRKA DAGA ER OPI\u00d0 05:45-20:00UM HELGAR ER OPI\u00d0 08:00-18:00 &nbsp;Velkomin \u00ed St\u00f6\u00f0ina!K\u00edktu til okkar \u00ed t\u00e6kjasal e\u00f0a skipulag\u00f0a t\u00edma.ST\u00d6\u00d0IN &#8211; SALIR OG SV\u00c6\u00d0I\u00cd vinnslusalnum fara fram h\u00f3pat\u00edmar. WOD, Styrkur, OLY, Buttlift og fleiri. \u00deegar Vinnslusalurinn er ekki \u00ed notkun af h\u00f3p e\u00f0a n\u00e1mskei\u00f0i er i\u00f0kendum frj\u00e1lst a\u00f0 nota hann og allan [&hellip;]<\/p>","protected":false},"author":1,"featured_media":0,"parent":0,"menu_order":0,"comment_status":"closed","ping_status":"closed","template":"","meta":{"_et_pb_use_builder":"on","_et_pb_old_content":"<!-- wp:paragraph -->\n<p>This is an example page. It's different from a blog post because it will stay in one place and will show up in your site navigation (in most themes). Most people start with an About page that introduces them to potential site visitors. It might say something like this:<\/p>\n<!-- \/wp:paragraph -->\n\n<!-- wp:quote -->\n<blockquote class=\"wp-block-quote\"><p>Hi there! I'm a bike messenger by day, aspiring actor by night, and this is my website. I live in Los Angeles, have a great dog named Jack, and I like pi&#241;a coladas. (And gettin' caught in the rain.)<\/p><\/blockquote>\n<!-- \/wp:quote -->\n\n<!-- wp:paragraph -->\n<p>...or something like this:<\/p>\n<!-- \/wp:paragraph -->\n\n<!-- wp:quote -->\n<blockquote class=\"wp-block-quote\"><p>The XYZ Doohickey Company was founded in 1971, and has been providing quality doohickeys to the public ever since. Located in Gotham City, XYZ employs over 2,000 people and does all kinds of awesome things for the Gotham community.<\/p><\/blockquote>\n<!-- \/wp:quote -->\n\n<!-- wp:paragraph -->\n<p>As a new WordPress user, you should go to <a href=\"http:\/\/stodinheilsuraekt.is\/\/wp-admin\/\">your dashboard<\/a> to delete this page and create new pages for your content. Have fun!<\/p>\n<!-- \/wp:paragraph -->","_et_gb_content_width":"","footnotes":""},"class_list":["post-2","page","type-page","status-publish","hentry"],"jetpack_sharing_enabled":true,"_links":{"self":[{"href":"https:\/\/stodinheilsuraekt.is\/en\/wp-json\/wp\/v2\/pages\/2"}],"collection":[{"href":"https:\/\/stodinheilsuraekt.is\/en\/wp-json\/wp\/v2\/pages"}],"about":[{"href":"https:\/\/stodinheilsuraekt.is\/en\/wp-json\/wp\/v2\/types\/page"}],"author":[{"embeddable":true,"href":"https:\/\/stodinheilsuraekt.is\/en\/wp-json\/wp\/v2\/users\/1"}],"replies":[{"embeddable":true,"href":"https:\/\/stodinheilsuraekt.is\/en\/wp-json\/wp\/v2\/comments?post=2"}],"version-history":[{"count":79,"href":"https:\/\/stodinheilsuraekt.is\/en\/wp-json\/wp\/v2\/pages\/2\/revisions"}],"predecessor-version":[{"id":961,"href":"https:\/\/stodinheilsuraekt.is\/en\/wp-json\/wp\/v2\/pages\/2\/revisions\/961"}],"wp:attachment":[{"href":"https:\/\/stodinheilsuraekt.is\/en\/wp-json\/wp\/v2\/media?parent=2"}],"curies":[{"name":"wp","href":"https:\/\/api.w.org\/{rel}","templated":true}]}}