{"id":208,"date":"2021-01-11T22:15:26","date_gmt":"2021-01-11T22:15:26","guid":{"rendered":"https:\/\/stodinheilsuraekt.is\/?page_id=208"},"modified":"2026-01-23T09:42:32","modified_gmt":"2026-01-23T09:42:32","slug":"timatoflur","status":"publish","type":"page","link":"https:\/\/stodinheilsuraekt.is\/en\/timatoflur\/","title":{"rendered":"T\u00edmat\u00f6flur"},"content":{"rendered":"<p>[et_pb_section fb_built=&#8221;1&#8243; _builder_version=&#8221;4.16&#8243; _module_preset=&#8221;default&#8221; global_colors_info=&#8221;{}&#8221;][et_pb_row _builder_version=&#8221;4.16&#8243; _module_preset=&#8221;default&#8221; global_colors_info=&#8221;{}&#8221;][et_pb_column type=&#8221;4_4&#8243; _builder_version=&#8221;4.16&#8243; _module_preset=&#8221;default&#8221; global_colors_info=&#8221;{}&#8221;][et_pb_text _builder_version=&#8221;4.16&#8243; _module_preset=&#8221;default&#8221; text_font=&#8221;Rubik||||||||&#8221; text_font_size=&#8221;18px&#8221; text_line_height=&#8221;1.8em&#8221; header_font=&#8221;Archivo|700||on|||||&#8221; header_font_size=&#8221;45px&#8221; custom_margin=&#8221;-7px||||false|false&#8221; global_colors_info=&#8221;{}&#8221;]<\/p>\n<h1 style=\"text-align: center;\">N\u00ddTT!<\/h1>\n<h1 style=\"text-align: center;\">T\u00edmat\u00f6flur vetur- 2025-26<\/h1>\n<p>&nbsp;<\/p>\n<p>&nbsp;<\/p>\n<p>Til a\u00f0 skr\u00e1 sig \u00ed t\u00edma \u00fearf a\u00f0 fara \u00ed gegnum \u00feessa sl\u00f3\u00f0 h\u00e9r -&gt; <a href=\"https:\/\/www.sportabler.com\/classes\/stodin\">https:\/\/www.sportabler.com\/classes\/stodin<\/a>\u00a0<br \/>\u00c1kve\u00f0nir t\u00edmar hafa l\u00e1gmarks \u00fe\u00e1tttakendur og falla \u00fev\u00ed ni\u00f0ur ef \u00fe\u00e1ttaka n\u00e6st ekki.\u00a0<\/p>\n<p>\u00deessi tafla h\u00e9r a\u00f0 ne\u00f0an er til vi\u00f0mi\u00f0unar og til a\u00f0 sj\u00e1 alla t\u00edma sem eru kenndir \u00fearf a\u00f0 sko\u00f0a sportabler sl\u00f3\u00f0ina h\u00e9r fyrir ofan.<\/p>\n<p>[\/et_pb_text][et_pb_image src=&#8221;https:\/\/stodinheilsuraekt.is\/wp-content\/uploads\/2026\/01\/Tafla26-1.png&#8221; title_text=&#8221;Tafla26 (1)&#8221; _builder_version=&#8221;4.27.0&#8243; _module_preset=&#8221;default&#8221; hover_enabled=&#8221;0&#8243; global_colors_info=&#8221;{}&#8221; sticky_enabled=&#8221;0&#8243;][\/et_pb_image][et_pb_text _builder_version=&#8221;4.22.1&#8243; _module_preset=&#8221;default&#8221; text_font=&#8221;Rubik||||||||&#8221; text_text_color=&#8221;#0C71C3&#8243; text_font_size=&#8221;15px&#8221; text_line_height=&#8221;1.8em&#8221; header_font=&#8221;Archivo|700||on|||||&#8221; header_font_size=&#8221;45px&#8221; custom_margin=&#8221;-7px||||false|false&#8221; custom_padding=&#8221;||0px|||&#8221; global_colors_info=&#8221;{}&#8221;]<\/p>\n<p style=\"text-align: left;\">* St\u00f6\u00f0in heilsur\u00e6kt \u00e1skilur s\u00e9r r\u00e9tt til a\u00f0 breyta t\u00edmat\u00f6flum me\u00f0 sk\u00f6mmum fyrirvara<\/p>\n<p>[\/et_pb_text][\/et_pb_column][\/et_pb_row][\/et_pb_section]<\/p>","protected":false},"excerpt":{"rendered":"<p>N\u00ddTT! T\u00edmat\u00f6flur vetur- 2025-26 &nbsp; &nbsp; Til a\u00f0 skr\u00e1 sig \u00ed t\u00edma \u00fearf a\u00f0 fara \u00ed gegnum \u00feessa sl\u00f3\u00f0 h\u00e9r -&gt; https:\/\/www.sportabler.com\/classes\/stodin\u00a0\u00c1kve\u00f0nir t\u00edmar hafa l\u00e1gmarks \u00fe\u00e1tttakendur og falla \u00fev\u00ed ni\u00f0ur ef \u00fe\u00e1ttaka n\u00e6st ekki.\u00a0 \u00deessi tafla h\u00e9r a\u00f0 ne\u00f0an er til vi\u00f0mi\u00f0unar og til a\u00f0 sj\u00e1 alla t\u00edma sem eru kenndir \u00fearf a\u00f0 sko\u00f0a sportabler [&hellip;]<\/p>","protected":false},"author":1,"featured_media":0,"parent":0,"menu_order":0,"comment_status":"closed","ping_status":"closed","template":"","meta":{"_et_pb_use_builder":"on","_et_pb_old_content":"<!-- wp:file {\"href\":\"blob:https:\/\/stodinheilsuraekt.is\/7f5474c9-1f35-478a-b588-a8b3e1533e84\"} -->\n<div class=\"wp-block-file\"><a href=\"blob:https:\/\/stodinheilsuraekt.is\/7f5474c9-1f35-478a-b588-a8b3e1533e84\" class=\"wp-block-file__button\" download>Download<\/a><\/div>\n<!-- \/wp:file -->","_et_gb_content_width":"","footnotes":""},"class_list":["post-208","page","type-page","status-publish","hentry"],"jetpack_sharing_enabled":true,"_links":{"self":[{"href":"https:\/\/stodinheilsuraekt.is\/en\/wp-json\/wp\/v2\/pages\/208"}],"collection":[{"href":"https:\/\/stodinheilsuraekt.is\/en\/wp-json\/wp\/v2\/pages"}],"about":[{"href":"https:\/\/stodinheilsuraekt.is\/en\/wp-json\/wp\/v2\/types\/page"}],"author":[{"embeddable":true,"href":"https:\/\/stodinheilsuraekt.is\/en\/wp-json\/wp\/v2\/users\/1"}],"replies":[{"embeddable":true,"href":"https:\/\/stodinheilsuraekt.is\/en\/wp-json\/wp\/v2\/comments?post=208"}],"version-history":[{"count":25,"href":"https:\/\/stodinheilsuraekt.is\/en\/wp-json\/wp\/v2\/pages\/208\/revisions"}],"predecessor-version":[{"id":962,"href":"https:\/\/stodinheilsuraekt.is\/en\/wp-json\/wp\/v2\/pages\/208\/revisions\/962"}],"wp:attachment":[{"href":"https:\/\/stodinheilsuraekt.is\/en\/wp-json\/wp\/v2\/media?parent=208"}],"curies":[{"name":"wp","href":"https:\/\/api.w.org\/{rel}","templated":true}]}}