{"id":530,"date":"2021-09-21T12:02:02","date_gmt":"2021-09-21T12:02:02","guid":{"rendered":"https:\/\/stodinheilsuraekt.is\/?page_id=530"},"modified":"2025-09-16T13:50:52","modified_gmt":"2025-09-16T13:50:52","slug":"spurt-svarad","status":"publish","type":"page","link":"https:\/\/stodinheilsuraekt.is\/en\/spurt-svarad\/","title":{"rendered":"SPURT &#038; SVARA\u00d0"},"content":{"rendered":"<p>[et_pb_section fb_built=&#8221;1&#8243; _builder_version=&#8221;4.16&#8243; _module_preset=&#8221;default&#8221; custom_padding=&#8221;4px||0px|||&#8221; global_colors_info=&#8221;{}&#8221;][et_pb_row _builder_version=&#8221;4.16&#8243; _module_preset=&#8221;default&#8221; global_colors_info=&#8221;{}&#8221;][et_pb_column type=&#8221;4_4&#8243; _builder_version=&#8221;4.16&#8243; _module_preset=&#8221;default&#8221; global_colors_info=&#8221;{}&#8221;][et_pb_text _builder_version=&#8221;4.16&#8243; _module_preset=&#8221;default&#8221; text_font=&#8221;Archivo||||||||&#8221; text_font_size=&#8221;18px&#8221; text_line_height=&#8221;1.8em&#8221; header_font=&#8221;Archivo|700|||||||&#8221; header_font_size=&#8221;45px&#8221; custom_margin=&#8221;0px||||false|false&#8221; global_colors_info=&#8221;{}&#8221;]<\/p>\n<h1 style=\"text-align: center;\">SPURT OG SVARA\u00d0<\/h1>\n<p>&nbsp;<\/p>\n<p style=\"text-align: center;\">H\u00e9r g\u00e6tir \u00fe\u00fa fundi\u00f0 sv\u00f6r vi\u00f0 \u00fdmsum algengum vangaveltum og spurningum<\/p>\n<p>[\/et_pb_text][et_pb_text _builder_version=&#8221;4.16&#8243; _module_preset=&#8221;default&#8221; text_font=&#8221;Rubik||||||||&#8221; text_font_size=&#8221;18px&#8221; text_line_height=&#8221;1.8em&#8221; header_2_font=&#8221;Archivo|500|||||||&#8221; header_2_text_color=&#8221;#0c71c3&#8243; global_colors_info=&#8221;{}&#8221;]<\/p>\n<h2><\/h2>\n<p>&nbsp;<\/p>\n<h2><strong><\/strong><\/h2>\n<h2><strong><\/strong><\/h2>\n<h2><strong>HVERNIG KAUPI \u00c9G KORT ?<\/strong><\/h2>\n<p>\u00c1 fors\u00ed\u00f0unni og \u00e1 undirs\u00ed\u00f0unni &#8220;ver\u00f0skr\u00e1&#8221; er hnappur &#8220;Kaupa kort&#8221; sem lei\u00f0ir \u00feig inn \u00e1<\/p>\n<p><a href=\"https:\/\/www.abler.io\/shop\/stodin\">https:\/\/www.abler.io\/shop\/stodin<\/a>\u00a0<\/p>\n<p>\u00c1 s\u00ed\u00f0unni er h\u00e6gt a\u00f0 kaupa \u00f6ll kort og \u00e1skriftir og vi\u00f0 bendum \u00e1 \u00feessa lei\u00f0beiningar ef \u00fei\u00f0 lendi\u00f0 \u00ed vandr\u00e6\u00f0um : <a href=\"https:\/\/abler.freshdesk.com\/is\/support\/solutions\/articles\/67000346148-kaupa-aefingagj\u00f6ld-n\u00e1mskei\u00f0-%C3%AD-gegnum-vefverslun?fbclid=IwAR0tkpiOePg2NRlkgpgNq1bdpeEFNstOdd76H-FfITluBeKU8udhYy9kZ5w\">https:\/\/abler.freshdesk.com\/is\/support\/solutions\/articles\/67000346148-kaupa-aefingagj\u00f6ld-n\u00e1mskei\u00f0-%C3%AD-gegnum-vefverslun?fbclid=IwAR0tkpiOePg2NRlkgpgNq1bdpeEFNstOdd76H-FfITluBeKU8udhYy9kZ5w<\/a> \u00a0<\/p>\n<p>&nbsp;<\/p>\n<h2><b>\u00c1SKRIFTIR OG KORT<\/b><\/h2>\n<p>\u00c1skrift er innheimt sj\u00e1lfkrafa m\u00e1na\u00f0arlega og af \u00feeim er \u00feriggja m\u00e1na\u00f0a uppsagnarfrestur. Til a\u00f0 kaupa \u00e1skrift \u00fearf i\u00f0kandi a\u00f0 skr\u00e1 sig sj\u00e1lfur \u00ed gegnum <a href=\"https:\/\/www.sportabler.com\/shop\/stodin\">https:\/\/www.sportabler.com\/shop\/stodin.<\/a>\u00a0<\/p>\n<p>Kort, 10 skipti, vikupassi, 1 m\u00e1nu\u00f0ur, 3 m\u00e1nu\u00f0ir, 6 m\u00e1nu\u00f0ir og \u00e1rskort eru seld b\u00e6\u00f0i \u00ed afgrei\u00f0slunni \u00ed St\u00f6\u00f0inni og \u00e1 <a href=\"https:\/\/www.sportabler.com\/shop\/stodin\">https:\/\/www.sportabler.com\/shop\/stodin.<\/a><\/p>\n<p>&nbsp;<\/p>\n<h2><strong>HVERNIG SEGI \u00c9G UPP \u00c1SKRIFT?<\/strong><\/h2>\n<p>\u00c1skriftum \u00fearf a\u00f0 segja upp me\u00f0 t\u00f6lvup\u00f3sti \u00e1 netfangi\u00f0 okkar <a href=\"mailto:stodin@stodinheilsuraekt.is\">stodin@stodinheilsuraekt.is<\/a><\/p>\n<p>&nbsp;<\/p>\n<h2><strong>UPPSAGNARFRESTUR<\/strong><\/h2>\n<p>Af \u00f6llum \u00e1skriftum sem innheimtar eru m\u00e1na\u00f0arlega er \u00feriggja m\u00e1na\u00f0a uppsagnarfrestur.<\/p>\n<p>&nbsp;<\/p>\n<h2><strong>KVITTANIR<\/strong><\/h2>\n<p>\u00deegar kort er keypt \u00e1 a\u00f0 koma sj\u00e1lfkrafa kvittun \u00ed t\u00f6lvup\u00f3sti. Ef h\u00fan berst ekki er sj\u00e1lfsagt a\u00f0 \u00f3ska eftir kvittun og vi\u00f0 \u00fatb\u00faum hana eftir \u00f3skum. \u00a0Sendi\u00f0 okkur l\u00ednu \u00e1 <a href=\"mailto:stodin@stodinheilsuraekt.is\">stodin@stodinheilsuraekt.is<\/a><\/p>\n<p>&nbsp;<\/p>\n<div><\/div>\n<p>[\/et_pb_text][\/et_pb_column][\/et_pb_row][\/et_pb_section]<\/p>","protected":false},"excerpt":{"rendered":"<p>SPURT OG SVARA\u00d0 &nbsp; H\u00e9r g\u00e6tir \u00fe\u00fa fundi\u00f0 sv\u00f6r vi\u00f0 \u00fdmsum algengum vangaveltum og spurningum &nbsp; HVERNIG KAUPI \u00c9G KORT ? \u00c1 fors\u00ed\u00f0unni og \u00e1 undirs\u00ed\u00f0unni &#8220;ver\u00f0skr\u00e1&#8221; er hnappur &#8220;Kaupa kort&#8221; sem lei\u00f0ir \u00feig inn \u00e1 https:\/\/www.abler.io\/shop\/stodin\u00a0 \u00c1 s\u00ed\u00f0unni er h\u00e6gt a\u00f0 kaupa \u00f6ll kort og \u00e1skriftir og vi\u00f0 bendum \u00e1 \u00feessa lei\u00f0beiningar ef \u00fei\u00f0 [&hellip;]<\/p>","protected":false},"author":2,"featured_media":0,"parent":0,"menu_order":0,"comment_status":"closed","ping_status":"closed","template":"","meta":{"_et_pb_use_builder":"on","_et_pb_old_content":"","_et_gb_content_width":"","footnotes":""},"class_list":["post-530","page","type-page","status-publish","hentry"],"jetpack_sharing_enabled":true,"_links":{"self":[{"href":"https:\/\/stodinheilsuraekt.is\/en\/wp-json\/wp\/v2\/pages\/530"}],"collection":[{"href":"https:\/\/stodinheilsuraekt.is\/en\/wp-json\/wp\/v2\/pages"}],"about":[{"href":"https:\/\/stodinheilsuraekt.is\/en\/wp-json\/wp\/v2\/types\/page"}],"author":[{"embeddable":true,"href":"https:\/\/stodinheilsuraekt.is\/en\/wp-json\/wp\/v2\/users\/2"}],"replies":[{"embeddable":true,"href":"https:\/\/stodinheilsuraekt.is\/en\/wp-json\/wp\/v2\/comments?post=530"}],"version-history":[{"count":8,"href":"https:\/\/stodinheilsuraekt.is\/en\/wp-json\/wp\/v2\/pages\/530\/revisions"}],"predecessor-version":[{"id":935,"href":"https:\/\/stodinheilsuraekt.is\/en\/wp-json\/wp\/v2\/pages\/530\/revisions\/935"}],"wp:attachment":[{"href":"https:\/\/stodinheilsuraekt.is\/en\/wp-json\/wp\/v2\/media?parent=530"}],"curies":[{"name":"wp","href":"https:\/\/api.w.org\/{rel}","templated":true}]}}