{"id":78,"date":"2020-10-30T10:27:19","date_gmt":"2020-10-30T10:27:19","guid":{"rendered":"https:\/\/stodinheilsuraekt.is\/?page_id=78"},"modified":"2023-03-06T10:05:23","modified_gmt":"2023-03-06T10:05:23","slug":"um-okkur","status":"publish","type":"page","link":"https:\/\/stodinheilsuraekt.is\/en\/um-okkur\/","title":{"rendered":"About"},"content":{"rendered":"<p>[et_pb_section fb_built=&#8221;1&#8243; _builder_version=&#8221;4.16&#8243; _module_preset=&#8221;default&#8221; global_colors_info=&#8221;{}&#8221;][et_pb_row _builder_version=&#8221;4.16&#8243; _module_preset=&#8221;default&#8221; global_colors_info=&#8221;{}&#8221;][et_pb_column type=&#8221;4_4&#8243; _builder_version=&#8221;4.16&#8243; _module_preset=&#8221;default&#8221; global_colors_info=&#8221;{}&#8221;][et_pb_text _builder_version=&#8221;4.16&#8243; _module_preset=&#8221;default&#8221; text_font=&#8221;Archivo|600|||||||&#8221; text_font_size=&#8221;20px&#8221; text_line_height=&#8221;1.8em&#8221; header_font=&#8221;Archivo|700||on|||||&#8221; header_font_size=&#8221;45px&#8221; custom_margin=&#8221;-3px||||false|false&#8221; global_colors_info=&#8221;{}&#8221;]<\/p>\n<h1 style=\"text-align: center;\">About<\/h1>\n<p>&nbsp;<\/p>\n<p style=\"text-align: center;\">St\u00f6\u00f0in Gym is a fitness center in \u00cdsafj\u00f6r\u00f0ur that offers a variety of health-promoting activities where everyone should find something to their liking. St\u00f6\u00f0in has facilities for practicing traditional fitness in an equipment room as well as good areas for group classes of various sizes.<\/p>\n<p>[\/et_pb_text][et_pb_text _builder_version=&#8221;4.16&#8243; _module_preset=&#8221;default&#8221; text_font=&#8221;Archivo|600|||||||&#8221; text_font_size=&#8221;20px&#8221; text_line_height=&#8221;1.8em&#8221; header_2_font=&#8221;Archivo|500||on|||||&#8221; header_2_text_color=&#8221;#0c71c3&#8243; global_colors_info=&#8221;{}&#8221;]<\/p>\n<h2 style=\"text-align: center;\"><strong>The Company<\/strong><\/h2>\n<p style=\"text-align: center;\">The company \u00cds\u00f3fit ehf runs St\u00f6\u00f0in Gym. \u00cds\u00f3fit ehf was founded in 2018 and operated the CrossFit \u00cdsafj\u00f6r\u00f0ur station from 2018 - 2020.<\/p>\n<p>[\/et_pb_text][\/et_pb_column][\/et_pb_row][\/et_pb_section]<\/p>","protected":false},"excerpt":{"rendered":"<p>Um okkur &nbsp; St\u00f6\u00f0in heilsur\u00e6kt er l\u00edkamsr\u00e6ktarst\u00f6\u00f0 \u00e1 \u00cdsafir\u00f0i sem b\u00ed\u00f0ur upp \u00e1 fj\u00f6lbreytta heilsueflandi starfsemi \u00fear sem allir \u00e6ttu a\u00f0 finna eitthva\u00f0 vi\u00f0 sitt h\u00e6fi. \u00cd St\u00f6\u00f0inni er a\u00f0sta\u00f0a til a\u00f0 i\u00f0ka hef\u00f0bundna l\u00edkamsr\u00e6kt \u00ed t\u00e6kjasal sem og g\u00f3\u00f0ir salir fyrir h\u00f3pat\u00edma af \u00fdmsum st\u00e6r\u00f0um.Fyrirt\u00e6ki\u00f0 Fyrirt\u00e6ki\u00f0 \u00cds\u00f3fit ehf rekur St\u00f6\u00f0ina heilsur\u00e6kt. \u00cds\u00f3fit ehf var [&hellip;]<\/p>","protected":false},"author":1,"featured_media":0,"parent":0,"menu_order":0,"comment_status":"closed","ping_status":"closed","template":"","meta":{"_et_pb_use_builder":"on","_et_pb_old_content":"","_et_gb_content_width":"","footnotes":""},"class_list":["post-78","page","type-page","status-publish","hentry"],"jetpack_sharing_enabled":true,"_links":{"self":[{"href":"https:\/\/stodinheilsuraekt.is\/en\/wp-json\/wp\/v2\/pages\/78"}],"collection":[{"href":"https:\/\/stodinheilsuraekt.is\/en\/wp-json\/wp\/v2\/pages"}],"about":[{"href":"https:\/\/stodinheilsuraekt.is\/en\/wp-json\/wp\/v2\/types\/page"}],"author":[{"embeddable":true,"href":"https:\/\/stodinheilsuraekt.is\/en\/wp-json\/wp\/v2\/users\/1"}],"replies":[{"embeddable":true,"href":"https:\/\/stodinheilsuraekt.is\/en\/wp-json\/wp\/v2\/comments?post=78"}],"version-history":[{"count":7,"href":"https:\/\/stodinheilsuraekt.is\/en\/wp-json\/wp\/v2\/pages\/78\/revisions"}],"predecessor-version":[{"id":858,"href":"https:\/\/stodinheilsuraekt.is\/en\/wp-json\/wp\/v2\/pages\/78\/revisions\/858"}],"wp:attachment":[{"href":"https:\/\/stodinheilsuraekt.is\/en\/wp-json\/wp\/v2\/media?parent=78"}],"curies":[{"name":"wp","href":"https:\/\/api.w.org\/{rel}","templated":true}]}}