{"id":93,"date":"2020-12-09T16:47:52","date_gmt":"2020-12-09T16:47:52","guid":{"rendered":"https:\/\/stodinheilsuraekt.is\/?page_id=93"},"modified":"2025-12-30T13:25:34","modified_gmt":"2025-12-30T13:25:34","slug":"verdskra","status":"publish","type":"page","link":"https:\/\/stodinheilsuraekt.is\/en\/verdskra\/","title":{"rendered":"Pricing"},"content":{"rendered":"<p>[et_pb_section fb_built=&#8221;1&#8243; _builder_version=&#8221;4.16&#8243; _module_preset=&#8221;default&#8221; global_colors_info=&#8221;{}&#8221;][et_pb_row _builder_version=&#8221;4.16&#8243; _module_preset=&#8221;default&#8221; global_colors_info=&#8221;{}&#8221;][et_pb_column type=&#8221;4_4&#8243; _builder_version=&#8221;4.16&#8243; _module_preset=&#8221;default&#8221; global_colors_info=&#8221;{}&#8221;][et_pb_text _builder_version=&#8221;4.16&#8243; _module_preset=&#8221;default&#8221; text_font=&#8221;Archivo|600|||||||&#8221; text_font_size=&#8221;20px&#8221; text_line_height=&#8221;1.8em&#8221; header_font=&#8221;Archivo|700||on|||||&#8221; header_font_size=&#8221;45px&#8221; custom_margin=&#8221;0px||||false|false&#8221; global_colors_info=&#8221;{}&#8221;]<\/p>\n<h1 style=\"text-align: center;\">Pricing<\/h1>\n<p>&nbsp;<\/p>\n<p style=\"text-align: center;\">H\u00e9r m\u00e1 finna uppl\u00fdsingar um ver\u00f0skr\u00e1 st\u00f6\u00f0varinnar.<\/p>\n<p>[\/et_pb_text][\/et_pb_column][\/et_pb_row][\/et_pb_section][et_pb_section fb_built=&#8221;1&#8243; admin_label=&#8221;Stats&#8221; _builder_version=&#8221;4.16&#8243; background_color_gradient_direction=&#8221;90deg&#8221; background_enable_image=&#8221;off&#8221; custom_margin=&#8221;-63px||||false|false&#8221; custom_padding=&#8221;0px||0vw||false|false&#8221; locked=&#8221;off&#8221; global_colors_info=&#8221;{}&#8221;][et_pb_row _builder_version=&#8221;4.16&#8243; _module_preset=&#8221;default&#8221; global_colors_info=&#8221;{}&#8221;][et_pb_column type=&#8221;4_4&#8243; _builder_version=&#8221;4.16&#8243; _module_preset=&#8221;default&#8221; global_colors_info=&#8221;{}&#8221;][et_pb_image src=&#8221;https:\/\/stodinheilsuraekt.is\/wp-content\/uploads\/2025\/12\/Verdskra26-4.png&#8221; _builder_version=&#8221;4.27.0&#8243; _module_preset=&#8221;default&#8221; title_text=&#8221;Ver\u00f0skr\u00e126 (4)&#8221; hover_enabled=&#8221;0&#8243; sticky_enabled=&#8221;0&#8243;][\/et_pb_image][\/et_pb_column][\/et_pb_row][et_pb_row _builder_version=&#8221;4.16&#8243; _module_preset=&#8221;default&#8221; global_colors_info=&#8221;{}&#8221;][et_pb_column type=&#8221;4_4&#8243; _builder_version=&#8221;4.16&#8243; _module_preset=&#8221;default&#8221; global_colors_info=&#8221;{}&#8221;][et_pb_text _builder_version=&#8221;4.16&#8243; _module_preset=&#8221;default&#8221; text_font=&#8221;Archivo|600|||||||&#8221; text_font_size=&#8221;11px&#8221; global_colors_info=&#8221;{}&#8221;]<\/p>\n<p><span style=\"font-size: x-large;\">\u00c1rskort \u00ed eingrei\u00f0slu eru \u00e1 mj\u00f6g hagst\u00e6\u00f0u ver\u00f0i og eru lang \u00f3d\u00fdrasta lei\u00f0in.<\/span><\/p>\n<p><span style=\"font-size: x-large;\">*Af \u00e1skrift er ekki veittur afsl\u00e1ttur. Ef keyptir stakir m\u00e1nu\u00f0ir, e\u00f0a \u00e1rskort, \u00fe\u00e1 er afsl\u00e1ttur \u00ed formi %<\/span><\/p>\n<p><span style=\"font-size: x-large;\">*Af \u00f6llum \u00e1skriftum er \u00feriggja m\u00e1na\u00f0a uppsagnarfrestur, til a\u00f0 segja upp \u00e1skrift \u00fearf a\u00f0 senda t\u00f6lvup\u00f3st \u00e1 stodin@stodinheilsuraekt.is<\/span><\/p>\n<p>&nbsp;<\/p>\n<p>[\/et_pb_text][\/et_pb_column][\/et_pb_row][\/et_pb_section]<\/p>","protected":false},"excerpt":{"rendered":"<p>Ver\u00f0skr\u00e1 &nbsp; H\u00e9r m\u00e1 finna uppl\u00fdsingar um ver\u00f0skr\u00e1 st\u00f6\u00f0varinnar.\u00c1rskort \u00ed eingrei\u00f0slu eru \u00e1 mj\u00f6g hagst\u00e6\u00f0u ver\u00f0i og eru lang \u00f3d\u00fdrasta lei\u00f0in. *Af \u00e1skrift er ekki veittur afsl\u00e1ttur. Ef keyptir stakir m\u00e1nu\u00f0ir, e\u00f0a \u00e1rskort, \u00fe\u00e1 er afsl\u00e1ttur \u00ed formi % *Af \u00f6llum \u00e1skriftum er \u00feriggja m\u00e1na\u00f0a uppsagnarfrestur, til a\u00f0 segja upp \u00e1skrift \u00fearf a\u00f0 senda t\u00f6lvup\u00f3st [&hellip;]<\/p>","protected":false},"author":1,"featured_media":0,"parent":0,"menu_order":0,"comment_status":"closed","ping_status":"closed","template":"","meta":{"_et_pb_use_builder":"on","_et_pb_old_content":"<!-- wp:divi\/placeholder \/-->","_et_gb_content_width":"","footnotes":""},"class_list":["post-93","page","type-page","status-publish","hentry"],"jetpack_sharing_enabled":true,"_links":{"self":[{"href":"https:\/\/stodinheilsuraekt.is\/en\/wp-json\/wp\/v2\/pages\/93"}],"collection":[{"href":"https:\/\/stodinheilsuraekt.is\/en\/wp-json\/wp\/v2\/pages"}],"about":[{"href":"https:\/\/stodinheilsuraekt.is\/en\/wp-json\/wp\/v2\/types\/page"}],"author":[{"embeddable":true,"href":"https:\/\/stodinheilsuraekt.is\/en\/wp-json\/wp\/v2\/users\/1"}],"replies":[{"embeddable":true,"href":"https:\/\/stodinheilsuraekt.is\/en\/wp-json\/wp\/v2\/comments?post=93"}],"version-history":[{"count":32,"href":"https:\/\/stodinheilsuraekt.is\/en\/wp-json\/wp\/v2\/pages\/93\/revisions"}],"predecessor-version":[{"id":945,"href":"https:\/\/stodinheilsuraekt.is\/en\/wp-json\/wp\/v2\/pages\/93\/revisions\/945"}],"wp:attachment":[{"href":"https:\/\/stodinheilsuraekt.is\/en\/wp-json\/wp\/v2\/media?parent=93"}],"curies":[{"name":"wp","href":"https:\/\/api.w.org\/{rel}","templated":true}]}}